{"id":1714,"date":"2023-10-20T13:58:55","date_gmt":"2023-10-20T12:58:55","guid":{"rendered":"https:\/\/associationaimeebrassens.com\/?page_id=1714"},"modified":"2023-10-26T14:54:54","modified_gmt":"2023-10-26T13:54:54","slug":"confidencialite","status":"publish","type":"page","link":"https:\/\/associationaimeebrassens.com\/index.php\/confidencialite\/","title":{"rendered":"Confidencialite"},"content":{"rendered":"\t\t<div data-elementor-type=\"wp-page\" data-elementor-id=\"1714\" class=\"elementor elementor-1714\">\n\t\t\t\t\t\t\t\t\t<section class=\"elementor-section elementor-top-section elementor-element elementor-element-6713cc3 elementor-section-height-min-height elementor-hidden-mobile elementor-section-boxed elementor-section-height-default elementor-section-items-middle\" data-id=\"6713cc3\" data-element_type=\"section\" data-settings=\"{&quot;background_background&quot;:&quot;classic&quot;}\">\n\t\t\t\t\t\t\t<div class=\"elementor-background-overlay\"><\/div>\n\t\t\t\t\t\t\t<div class=\"elementor-container elementor-column-gap-default\">\n\t\t\t\t\t<div class=\"elementor-column elementor-col-100 elementor-top-column elementor-element elementor-element-b065a7d\" data-id=\"b065a7d\" data-element_type=\"column\">\n\t\t\t<div class=\"elementor-widget-wrap\">\n\t\t\t\t\t\t\t\t\t<\/div>\n\t\t<\/div>\n\t\t\t\t\t\t\t<\/div>\n\t\t<\/section>\n\t\t\t\t<section class=\"elementor-section elementor-top-section elementor-element elementor-element-f2ed7b9 elementor-section-height-min-height elementor-hidden-desktop elementor-hidden-tablet elementor-section-boxed elementor-section-height-default elementor-section-items-middle\" data-id=\"f2ed7b9\" data-element_type=\"section\" data-settings=\"{&quot;background_background&quot;:&quot;classic&quot;}\">\n\t\t\t\t\t\t\t<div class=\"elementor-background-overlay\"><\/div>\n\t\t\t\t\t\t\t<div class=\"elementor-container elementor-column-gap-default\">\n\t\t\t\t\t<div class=\"elementor-column elementor-col-100 elementor-top-column elementor-element elementor-element-ad40cae\" data-id=\"ad40cae\" data-element_type=\"column\">\n\t\t\t<div class=\"elementor-widget-wrap\">\n\t\t\t\t\t\t\t\t\t<\/div>\n\t\t<\/div>\n\t\t\t\t\t\t\t<\/div>\n\t\t<\/section>\n\t\t<div class=\"elementor-element elementor-element-6817252 e-flex e-con-boxed e-con e-parent\" data-id=\"6817252\" data-element_type=\"container\" data-settings=\"{&quot;content_width&quot;:&quot;boxed&quot;}\" data-core-v316-plus=\"true\">\n\t\t\t\t\t<div class=\"e-con-inner\">\n\t\t\t\t<div class=\"elementor-element elementor-element-9eaa27c elementor-widget elementor-widget-text-editor\" data-id=\"9eaa27c\" data-element_type=\"widget\" data-widget_type=\"text-editor.default\">\n\t\t\t\t<div class=\"elementor-widget-container\">\n\t\t\t<style>\/*! elementor - v3.17.0 - 01-11-2023 *\/\n.elementor-widget-text-editor.elementor-drop-cap-view-stacked .elementor-drop-cap{background-color:#69727d;color:#fff}.elementor-widget-text-editor.elementor-drop-cap-view-framed .elementor-drop-cap{color:#69727d;border:3px solid;background-color:transparent}.elementor-widget-text-editor:not(.elementor-drop-cap-view-default) .elementor-drop-cap{margin-top:8px}.elementor-widget-text-editor:not(.elementor-drop-cap-view-default) .elementor-drop-cap-letter{width:1em;height:1em}.elementor-widget-text-editor .elementor-drop-cap{float:left;text-align:center;line-height:1;font-size:50px}.elementor-widget-text-editor .elementor-drop-cap-letter{display:inline-block}<\/style>\t\t\t\t<div class=\"elementor-element elementor-element-306749a elementor-widget elementor-widget-heading\" data-id=\"306749a\" data-element_type=\"widget\" data-widget_type=\"heading.default\"><div class=\"elementor-widget-container\"><h2 class=\"elementor-heading-title elementor-size-default\"><span style=\"font-size: 16px;\">Politique de confidentialit\u00e9 de AAB :<\/span><\/h2><p>\u00a0<\/p><\/div><\/div><div class=\"elementor-element elementor-element-fd394b2 elementor-widget elementor-widget-text-editor\" data-id=\"fd394b2\" data-element_type=\"widget\" data-widget_type=\"text-editor.default\"><div class=\"elementor-widget-container\"><div class=\"elementor-element elementor-element-a8ee02a elementor-widget elementor-widget-text-editor\" data-id=\"a8ee02a\" data-element_type=\"widget\" data-widget_type=\"text-editor.default\"><div class=\"elementor-widget-container\"><p>Cette politique de confidentialit\u00e9 expliquera comment notre organisation utilise les donn\u00e9es personnelles que nous recueillons aupr\u00e8s de vous lorsque vous utilisez notre site Web.<\/p><p>Les sujets:<\/p><p>Quelles donn\u00e9es collectons-nous ?<\/p><p>Comment collectons-nous vos donn\u00e9es ?<\/p><p>Comment allons-nous utiliser vos donn\u00e9es ?<\/p><p>Comment stockons-nous vos donn\u00e9es ?<\/p><p>Commercialisation<\/p><p>Quels sont vos droits en mati\u00e8re de protection des donn\u00e9es ?<\/p><p>Que sont les cookies ?<\/p><p>Comment utilisons-nous les cookies ?<\/p><p>Quels types de cookies utilisons-nous ?<\/p><p>Comment g\u00e9rer vos cookies ?<\/p><p>Politiques de confidentialit\u00e9 des autres sites Web<\/p><p>Modifications de notre politique de confidentialit\u00e9<\/p><p>Comment nous contacter ?<\/p><p>Comment se d\u00e9sabonner ?<\/p><p>Comment contacter les autorit\u00e9s comp\u00e9tentes ?<\/p><p>Quelles donn\u00e9es collectons-nous ?<\/p><p>Notre Association collecte les donn\u00e9es suivantes :<\/p><p>Informations d\u2019identification personnelles (nom, adresse e-mail, num\u00e9ro de t\u00e9l\u00e9phone, etc.)<\/p><p>Comment collectons-nous vos donn\u00e9es ?<br \/>Vous fournissez directement \u00e0 Notre Association la plupart des donn\u00e9es que nous collectons. Nous collectons et traitons des donn\u00e9es lorsque vous :<\/p><p>Inscrivez-vous en ligne.<\/p><p>Utilisez ou consultez notre site Web via les cookies de votre navigateur.<\/p><p>Remplissez un formulaire lors d\u2019un de nos \u00e9v\u00e9nements.<\/p><p>Notre Association peut \u00e9galement recevoir vos donn\u00e9es indirectement des sources suivantes :<\/p><p>Lorsque vous effectuez un paiement via Stripe.<\/p><p>Comment allons-nous utiliser vos donn\u00e9es ?<\/p><p>Notre Association collecte vos donn\u00e9es afin de pouvoir :<\/p><p>Traitez votre commande et g\u00e9rez votre compte.<\/p><p>Vous envoyer par e-mail des offres sp\u00e9ciales sur d\u2019autres produits et services que nous pensons susceptibles de vous plaire.<\/p><p>Demandez des dons pour soutenir nos activit\u00e9s.<\/p><p>Si vous \u00eates d\u2019accord, Notre Association partagera vos donn\u00e9es avec des associations partenaires afin qu\u2019elles puissent vous proposer leurs produits et services :<\/p><p>Forever Young Foundation<\/p><p>Lorsque Notre Association traite votre commande, elle peut\u00a0<\/p><p>envoyer vos donn\u00e9es \u00e0 des agences de r\u00e9f\u00e9rence de cr\u00e9dit et \u00e9galement utiliser les informations qui en r\u00e9sultent pour emp\u00eacher les achats frauduleux.<\/p><p>Comment stockons-nous vos donn\u00e9es ?<\/p><p>Notre association stocke vos donn\u00e9es en toute s\u00e9curit\u00e9 sur Google Workspace.<\/p><p>Commercialisation<\/p><p>Notre Association aimerait vous envoyer des informations sur nos produits et services que nous pensons susceptibles de vous plaire, ainsi que ceux de nos associations partenaires.<\/p><p>La Forever Young Foundation<\/p><p>Si vous avez accept\u00e9 de recevoir du marketing, vous pouvez toujours vous d\u00e9sinscrire \u00e0 une date ult\u00e9rieure.<\/p><p>Vous avez le droit \u00e0 tout moment d\u2019emp\u00eacher Notre Association de vous contacter \u00e0 des fins de marketing ou de donner vos donn\u00e9es \u00e0 d\u2019autres membres du Groupe Notre Association.<\/p><p>Si vous ne souhaitez plus \u00eatre contact\u00e9 \u00e0 des fins de marketing, veuillez consulter l\u2019adresse e-mail ci-dessous.<\/p><p>Quels sont vos droits en mati\u00e8re de protection des donn\u00e9es ?<\/p><p>Notre association souhaite s\u2019assurer que vous \u00eates pleinement conscient de tous vos droits en mati\u00e8re de protection des donn\u00e9es. Chaque utilisateur a droit \u00e0 ce qui suit :<\/p><p>Le droit d\u2019acc\u00e8s \u2013 vous avez le droit de demander \u00e0 Notre Association des copies de vos donn\u00e9es personnelles. Nous pouvons vous facturer une somme modique pour ce service.<\/p><p>Le droit de rectification \u2013 vous avez le droit de demander \u00e0 notre Association de corriger toute information que vous jugez inexacte. Vous avez \u00e9galement le droit de demander \u00e0 Notre Association de compl\u00e9ter les informations que vous jugez incompl\u00e8tes.<\/p><p>Le droit \u00e0 l\u2019effacement \u2013 vous avez le droit de demander \u00e0 Notre Association d\u2019effacer vos donn\u00e9es personnelles, sous certaines conditions.<\/p><p>Le droit de restreindre le traitement \u2013 vous avez le droit de demander \u00e0 Notre Association de restreindre le traitement de vos donn\u00e9es personnelles, sous certaines conditions.<\/p><p>Le droit de vous opposer au traitement \u2013 vous avez le droit de vous opposer au traitement de vos donn\u00e9es personnelles par Notre Association, sous certaines conditions.<\/p><p>Le droit \u00e0 la portabilit\u00e9 des donn\u00e9es \u2013 Vous avez le droit de demander \u00e0 Notre Association de transf\u00e9rer les donn\u00e9es que nous avons collect\u00e9es \u00e0 une autre organisation, ou directement \u00e0 vous, sous certaines conditions.<\/p><p>Si vous faites une demande, nous avons un mois pour vous r\u00e9pondre. Si vous souhaitez exercer l\u2019un de ces droits, veuillez nous contacter \u00e0 notre adresse e-mail :<\/p><p>Contact@associationaimeebrassens.com<\/p><p>Cookies<\/p><p>Les cookies sont des fichiers texte plac\u00e9s sur votre ordinateur pour collecter des informations de connexion Internet standard et des informations sur le comportement des visiteurs. Lorsque vous visitez nos sites Web, nous pouvons collecter automatiquement des informations aupr\u00e8s de vous via des cookies ou une technologie similaire.<\/p><p>Pour plus d\u2019informations, visitez allaboutcookies.org.<\/p><p>Comment utilisons-nous les cookies ?<\/p><p>Notre soci\u00e9t\u00e9 utilise des cookies de diff\u00e9rentes mani\u00e8res pour am\u00e9liorer votre exp\u00e9rience sur notre site Web, notamment :<\/p><p>Rester connect\u00e9<\/p><p>Comprendre comment vous utilisez notre site Web<\/p><p>Quels types de cookies utilisons-nous ?<\/p><p>Il existe diff\u00e9rents types de cookies, cependant, notre site Web utilise :<\/p><p>Fonctionnalit\u00e9 \u2013 Notre association utilise ces cookies pour vous reconna\u00eetre sur notre site Web et m\u00e9moriser vos pr\u00e9f\u00e9rences pr\u00e9c\u00e9demment s\u00e9lectionn\u00e9es. Ceux-ci peuvent inclure la langue que vous pr\u00e9f\u00e9rez et l\u2019endroit o\u00f9 vous vous trouvez. Un m\u00e9lange de cookies propri\u00e9taires et tiers est utilis\u00e9.<\/p><p>Publicit\u00e9 \u2013 Notre association utilise ces cookies pour collecter des informations sur votre visite sur notre site Web, le contenu que vous avez consult\u00e9, les liens que vous avez suivis et des informations sur votre navigateur, votre appareil et votre adresse IP. Notre Association partage parfois certains aspects limit\u00e9s de ces donn\u00e9es avec des tiers \u00e0 des fins publicitaires. Nous pouvons \u00e9galement partager des donn\u00e9es en ligne collect\u00e9es via des cookies avec nos partenaires publicitaires. Cela signifie que lorsque vous visitez un autre site Web, des publicit\u00e9s peuvent vous \u00eatre pr\u00e9sent\u00e9es en fonction de vos habitudes de navigation sur notre site Web.<\/p><p>Comment g\u00e9rer les cookies ?<\/p><p>Vous pouvez configurer votre navigateur pour qu\u2019il n\u2019accepte pas les cookies, et le site Web ci-dessus vous indique comment supprimer les cookies de votre navigateur. Cependant, dans quelques cas, certaines des fonctionnalit\u00e9s de notre site Web peuvent ne pas fonctionner en cons\u00e9quence.<\/p><p>Politiques de confidentialit\u00e9 des autres sites Web<\/p><p>Le site Web de Notre Association contient des liens vers d\u2019autres sites Web. Notre politique de confidentialit\u00e9 s\u2019applique uniquement \u00e0 notre site Web, donc si vous cliquez sur un lien vers un autre site Web, vous devriez lire leur politique de confidentialit\u00e9.<\/p><p>Modifications de notre politique de confidentialit\u00e9<\/p><p>Notre association r\u00e9vise r\u00e9guli\u00e8rement sa politique de confidentialit\u00e9 et place toutes les mises \u00e0 jour sur cette page Web. Cette politique de confidentialit\u00e9 a \u00e9t\u00e9 mise \u00e0 jour pour la derni\u00e8re fois le 20 octobre 2023.<\/p><p>Comment nous contacter<\/p><p>Si vous avez des questions sur la politique de confidentialit\u00e9 de Notre Association, les donn\u00e9es que nous d\u00e9tenons sur vous, ou si vous souhaitez exercer l\u2019un de vos droits en mati\u00e8re de protection des donn\u00e9es, n\u2019h\u00e9sitez pas \u00e0 nous contacter.<\/p><p>Envoyez-nous un courriel \u00e0: contact@associationaimeebrassens.com<\/p><p>Comment se d\u00e9sabonner ?<\/p><p>Envoyer un email \u00e0 :<\/p><p>www.associationaimeebrassens.com<\/p><p>Comment contacter l\u2019autorit\u00e9 comp\u00e9tente ?<\/p><p>Si vous souhaitez d\u00e9poser une plainte ou si vous estimez que Notre Association n\u2019a pas r\u00e9pondu \u00e0 votre pr\u00e9occupation de mani\u00e8re satisfaisante, vous pouvez contacter votre organisation locale de protection des donn\u00e9es.<\/p><\/div><\/div><\/div><\/div>\t\t\t\t\t\t<\/div>\n\t\t\t\t<\/div>\n\t\t\t\t\t<\/div>\n\t\t\t\t<\/div>\n\t\t\t\t\t\t\t<\/div>\n\t\t","protected":false},"excerpt":{"rendered":"<p>Politique de confidentialit\u00e9 de AAB : \u00a0 Cette politique de confidentialit\u00e9 expliquera comment notre organisation utilise les donn\u00e9es personnelles que nous recueillons aupr\u00e8s de vous lorsque vous utilisez notre site Web. Les sujets: Quelles donn\u00e9es collectons-nous ? Comment collectons-nous vos donn\u00e9es ? Comment allons-nous utiliser vos donn\u00e9es ? Comment stockons-nous vos donn\u00e9es ? Commercialisation Quels &hellip;<\/p>\n<p class=\"read-more\"> <a class=\"\" href=\"https:\/\/associationaimeebrassens.com\/index.php\/confidencialite\/\"> <span class=\"screen-reader-text\">Confidencialite<\/span> Read More &raquo;<\/a><\/p>\n","protected":false},"author":1,"featured_media":0,"parent":0,"menu_order":0,"comment_status":"closed","ping_status":"closed","template":"","meta":{"_eb_attr":"","om_disable_all_campaigns":false,"_monsterinsights_skip_tracking":false,"_monsterinsights_sitenote_active":false,"_monsterinsights_sitenote_note":"","_monsterinsights_sitenote_category":0,"site-sidebar-layout":"no-sidebar","site-content-layout":"page-builder","ast-site-content-layout":"","site-content-style":"default","site-sidebar-style":"default","ast-global-header-display":"","ast-banner-title-visibility":"","ast-main-header-display":"","ast-hfb-above-header-display":"","ast-hfb-below-header-display":"","ast-hfb-mobile-header-display":"","site-post-title":"disabled","ast-breadcrumbs-content":"","ast-featured-img":"disabled","footer-sml-layout":"","theme-transparent-header-meta":"enabled","adv-header-id-meta":"","stick-header-meta":"","header-above-stick-meta":"","header-main-stick-meta":"","header-below-stick-meta":"","astra-migrate-meta-layouts":"","footnotes":""},"aioseo_notices":[],"_links":{"self":[{"href":"https:\/\/associationaimeebrassens.com\/index.php\/wp-json\/wp\/v2\/pages\/1714"}],"collection":[{"href":"https:\/\/associationaimeebrassens.com\/index.php\/wp-json\/wp\/v2\/pages"}],"about":[{"href":"https:\/\/associationaimeebrassens.com\/index.php\/wp-json\/wp\/v2\/types\/page"}],"author":[{"embeddable":true,"href":"https:\/\/associationaimeebrassens.com\/index.php\/wp-json\/wp\/v2\/users\/1"}],"replies":[{"embeddable":true,"href":"https:\/\/associationaimeebrassens.com\/index.php\/wp-json\/wp\/v2\/comments?post=1714"}],"version-history":[{"count":14,"href":"https:\/\/associationaimeebrassens.com\/index.php\/wp-json\/wp\/v2\/pages\/1714\/revisions"}],"predecessor-version":[{"id":1852,"href":"https:\/\/associationaimeebrassens.com\/index.php\/wp-json\/wp\/v2\/pages\/1714\/revisions\/1852"}],"wp:attachment":[{"href":"https:\/\/associationaimeebrassens.com\/index.php\/wp-json\/wp\/v2\/media?parent=1714"}],"curies":[{"name":"wp","href":"https:\/\/api.w.org\/{rel}","templated":true}]}}